{"id":62,"date":"2024-07-05T01:15:56","date_gmt":"2024-07-05T01:15:56","guid":{"rendered":"https:\/\/eltatami.com\/?page_id=62"},"modified":"2024-07-05T01:37:09","modified_gmt":"2024-07-05T01:37:09","slug":"capitulos","status":"publish","type":"page","link":"https:\/\/eltatami.com\/?page_id=62","title":{"rendered":"Cap\u00edtulos"},"content":{"rendered":"\n<div class=\"wp-block-cover alignfull\" style=\"padding-top:var(--wp--preset--spacing--xx-large);padding-right:var(--wp--preset--spacing--x-small);padding-bottom:var(--wp--preset--spacing--xx-large);padding-left:var(--wp--preset--spacing--x-small);min-height:50px;aspect-ratio:unset;\"><span aria-hidden=\"true\" class=\"wp-block-cover__background has-background-dim-90 has-background-dim\"><\/span><img decoding=\"async\" class=\"wp-block-cover__image-background wp-image-28\" alt=\"\" src=\"https:\/\/eltatami.com\/wp-content\/themes\/kortez-beat\/assets\/images\/download-img1.jpg\" data-object-fit=\"cover\"\/><div class=\"wp-block-cover__inner-container is-layout-flow wp-block-cover-is-layout-flow\">\n<div class=\"wp-block-group has-global-padding is-layout-constrained wp-block-group-is-layout-constrained\">\n<div class=\"wp-block-columns is-layout-flex wp-container-core-columns-is-layout-28f84493 wp-block-columns-is-layout-flex\">\n<div class=\"wp-block-column is-vertically-aligned-center is-layout-flow wp-container-core-column-is-layout-8a368f38 wp-block-column-is-layout-flow\" style=\"flex-basis:21%\"><\/div>\n\n\n\n<div class=\"wp-block-column is-layout-flow wp-container-core-column-is-layout-c39a6912 wp-block-column-is-layout-flow\" style=\"flex-basis:58%\">\n<h6 class=\"wp-block-heading has-text-align-center\"><\/h6>\n\n\n\n<h1 class=\"wp-block-heading\">El Tatami: Programa 1 &#8211; M4l}|70 Auto Tune<\/h1>\n\n\n\n<p><a href=\"https:\/\/www.youtube.com\/@ElTatamiTheFlowShow\"><\/a><\/p>\n\n\n\n<p class=\"has-text-align-center\" style=\"margin-top:var(--wp--preset--spacing--x-small);margin-bottom:var(--wp--preset--spacing--medium)\">\u00a1Descubre la verdad detr\u00e1s del Auto-Tune! \ud83c\udfb5\ud83d\udeab En este video, analizamos c\u00f3mo el exceso de Auto-Tune est\u00e1 transformando la m\u00fasica urbana y por qu\u00e9 podr\u00eda estar arruinando el verdadero talento. \u00bfEst\u00e1s a favor o en contra? \u00a1No te pierdas este an\u00e1lisis!<\/p>\n<\/div>\n\n\n\n<div class=\"wp-block-column is-vertically-aligned-center is-layout-flow wp-container-core-column-is-layout-8a368f38 wp-block-column-is-layout-flow\" style=\"flex-basis:21%\"><\/div>\n<\/div>\n<\/div>\n<\/div><\/div>\n\n\n\n<figure class=\"wp-block-embed is-type-video is-provider-youtube wp-block-embed-youtube wp-embed-aspect-16-9 wp-has-aspect-ratio\"><div class=\"wp-block-embed__wrapper\">\n<iframe loading=\"lazy\" title=\"El Tatami: Programa 1 - M4l}|70 Auto Tune\" width=\"500\" height=\"281\" src=\"https:\/\/www.youtube.com\/embed\/Yqbhbx-FXZQ?feature=oembed\" frameborder=\"0\" allow=\"accelerometer; autoplay; clipboard-write; encrypted-media; gyroscope; picture-in-picture; web-share\" referrerpolicy=\"strict-origin-when-cross-origin\" allowfullscreen><\/iframe>\n<\/div><\/figure>\n","protected":false},"excerpt":{"rendered":"","protected":false},"author":1,"featured_media":0,"parent":0,"menu_order":0,"comment_status":"closed","ping_status":"closed","template":"full-width","meta":{"footnotes":""},"class_list":["post-62","page","type-page","status-publish","hentry"],"_links":{"self":[{"href":"https:\/\/eltatami.com\/index.php?rest_route=\/wp\/v2\/pages\/62","targetHints":{"allow":["GET"]}}],"collection":[{"href":"https:\/\/eltatami.com\/index.php?rest_route=\/wp\/v2\/pages"}],"about":[{"href":"https:\/\/eltatami.com\/index.php?rest_route=\/wp\/v2\/types\/page"}],"author":[{"embeddable":true,"href":"https:\/\/eltatami.com\/index.php?rest_route=\/wp\/v2\/users\/1"}],"replies":[{"embeddable":true,"href":"https:\/\/eltatami.com\/index.php?rest_route=%2Fwp%2Fv2%2Fcomments&post=62"}],"version-history":[{"count":2,"href":"https:\/\/eltatami.com\/index.php?rest_route=\/wp\/v2\/pages\/62\/revisions"}],"predecessor-version":[{"id":71,"href":"https:\/\/eltatami.com\/index.php?rest_route=\/wp\/v2\/pages\/62\/revisions\/71"}],"wp:attachment":[{"href":"https:\/\/eltatami.com\/index.php?rest_route=%2Fwp%2Fv2%2Fmedia&parent=62"}],"curies":[{"name":"wp","href":"https:\/\/api.w.org\/{rel}","templated":true}]}}